{"id":11,"date":"2026-04-11T17:11:33","date_gmt":"2026-04-11T17:11:33","guid":{"rendered":"http:\/\/lerendezvousenchante.com\/index.php\/menu\/"},"modified":"2026-04-11T17:11:33","modified_gmt":"2026-04-11T17:11:33","slug":"menu","status":"publish","type":"page","link":"https:\/\/lerendezvousenchante.com\/index.php\/menu\/","title":{"rendered":"Menu"},"content":{"rendered":"<style>.fdm-section-header p { display: none; }.fdm-item-title, .fdm-item-image { cursor: pointer; }<\/style>\n\n\n<div class=\"fdm-menu-filtering\">\n\t<\/div>\n\n<div class=\"fdm-the-menu\">\n\n\n\n<ul id=\"fdm-menu-1\" class=\"fdm-menu fdm-menu-10 fdm-menu-classic fdm-menu-sidebar- fdm-columns-1 fdm-layout-classic clearfix\">\n\n\n\t<li class=\"fdm-column fdm-column-0 fdm-column-last\">\n\n\t<ul class=\"fdm-section fdm-sectionid-2 fdm-section-les-entrees fdm-section-one\">\n\t<li class=\"fdm-section-header\" id=\"fdm-section-header-les-entrees\">\n\n\t\t\t\t\n\t\t\n\t\t\t\t\t<h3 class=''>Les Entr\u00e9es<\/h3>\n\t\t\n\t\t\n\t\t\n\t<\/li>\n\t\n\t\t<li class=\"fdm-item fdm-item-ajax-open fdm-item-has-price\" data-postid=\"9\" data-section=\"2\" data-timeadded=\"1775927462\">\n\t\n\t\t\n\t\t<div class=\"fdm-item-panel\" data-price=\"12\">\n\n\t\t\t<div class=\"fdm-item-non-image-container\">\n<p class=\"fdm-item-title\">Croustillant de ch\u00e8vre chaud au miel, pomme Granny, salade verte et sauce C\u00e9sar<\/p><div class=\"fdm-item-price-wrapper\" data-min_price='1000000' data-max_price='0'>\n\t\t\t<div class=\"fdm-item-price\">12.00<\/div>\n\t<\/div>\n\n\t\t\t<div class=\"clearfix\"><\/div>\n\t\t<\/div>\n\n\t\t\n\t\t<\/li>\n\t\n\n\n\t\t<li class=\"fdm-item fdm-item-ajax-open fdm-item-has-price\" data-postid=\"7\" data-section=\"2\" data-timeadded=\"1775927347\">\n\t\n\t\t\n\t\t<div class=\"fdm-item-panel\" data-price=\"25\">\n\n\t\t\t<div class=\"fdm-item-non-image-container\">\n<p class=\"fdm-item-title\">Foie gras de canard maison aux fruits rouges<\/p><div class=\"fdm-item-price-wrapper\" data-min_price='1000000' data-max_price='0'>\n\t\t\t<div class=\"fdm-item-price\">25.00<\/div>\n\t<\/div>\n\n\t\t\t<div class=\"clearfix\"><\/div>\n\t\t<\/div>\n\n\t\t\n\t\t<\/li>\n\t\n\n\n\t\t<li class=\"fdm-item fdm-item-ajax-open fdm-item-has-price\" data-postid=\"8\" data-section=\"2\" data-timeadded=\"1775927386\">\n\t\n\t\t\n\t\t<div class=\"fdm-item-panel\" data-price=\"12\">\n\n\t\t\t<div class=\"fdm-item-non-image-container\">\n<p class=\"fdm-item-title\">Po\u00eal\u00e9e de champignons aux herbes fraiches, oeuf poch\u00e9<\/p><div class=\"fdm-item-price-wrapper\" data-min_price='1000000' data-max_price='0'>\n\t\t\t<div class=\"fdm-item-price\">12.00<\/div>\n\t<\/div>\n\n\t\t\t<div class=\"clearfix\"><\/div>\n\t\t<\/div>\n\n\t\t\n\t\t<\/li>\n\t\n\n\n\t\t<li class=\"fdm-item fdm-item-ajax-open fdm-item-has-price\" data-postid=\"6\" data-section=\"2\" data-timeadded=\"1775927309\">\n\t\n\t\t\n\t\t<div class=\"fdm-item-panel\" data-price=\"11\">\n\n\t\t\t<div class=\"fdm-item-non-image-container\">\n<p class=\"fdm-item-title\">Soupe \u00e0 l&#039;oignon gratin\u00e9e<\/p><div class=\"fdm-item-price-wrapper\" data-min_price='1000000' data-max_price='0'>\n\t\t\t<div class=\"fdm-item-price\">11.00<\/div>\n\t<\/div>\n\n\t\t\t<div class=\"clearfix\"><\/div>\n\t\t<\/div>\n\n\t\t\n\t\t<\/li>\n\t\n\n\n\t\t<li class=\"fdm-item fdm-item-ajax-open fdm-item-has-price\" data-postid=\"21\" data-section=\"2\" data-timeadded=\"1775928021\">\n\t\n\t\t\n\t\t<div class=\"fdm-item-panel\" data-price=\"13\">\n\n\t\t\t<div class=\"fdm-item-non-image-container\">\n<p class=\"fdm-item-title\">Tomate mozzarella, vinaigre balsamique et pesto<\/p><div class=\"fdm-item-price-wrapper\" data-min_price='1000000' data-max_price='0'>\n\t\t\t<div class=\"fdm-item-price\">13.00<\/div>\n\t<\/div>\n\n\t\t\t<div class=\"clearfix\"><\/div>\n\t\t<\/div>\n\n\t\t\n\t\t<\/li>\n\t\n\n<\/ul><ul class=\"fdm-section fdm-sectionid-3 fdm-section-les-plats fdm-section-one\">\n\t<li class=\"fdm-section-header\" id=\"fdm-section-header-les-plats\">\n\n\t\t\t\t\n\t\t\n\t\t\t\t\t<h3 class=''>Les Plats<\/h3>\n\t\t\n\t\t\n\t\t\n\t<\/li>\n\t\n\t\t<li class=\"fdm-item fdm-item-ajax-open fdm-item-has-price\" data-postid=\"24\" data-section=\"3\" data-timeadded=\"1775928069\">\n\t\n\t\t\n\t\t<div class=\"fdm-item-panel\" data-price=\"23\">\n\n\t\t\t<div class=\"fdm-item-non-image-container\">\n<p class=\"fdm-item-title\">Filet de boeuf, jus de viande<\/p><div class=\"fdm-item-price-wrapper\" data-min_price='1000000' data-max_price='0'>\n\t\t\t<div class=\"fdm-item-price\">23.00<\/div>\n\t<\/div>\n\n\t\t\t<div class=\"clearfix\"><\/div>\n\t\t<\/div>\n\n\t\t\n\t\t<\/li>\n\t\n\n\n\t\t<li class=\"fdm-item fdm-item-ajax-open fdm-item-has-price\" data-postid=\"29\" data-section=\"3\" data-timeadded=\"1775928211\">\n\t\n\t\t\n\t\t<div class=\"fdm-item-panel\" data-price=\"28\">\n\n\t\t\t<div class=\"fdm-item-non-image-container\">\n<p class=\"fdm-item-title\">Ris de veau po\u00eal\u00e9 forestier<\/p><div class=\"fdm-item-price-wrapper\" data-min_price='1000000' data-max_price='0'>\n\t\t\t<div class=\"fdm-item-price\">28.00<\/div>\n\t<\/div>\n\n\t\t\t<div class=\"clearfix\"><\/div>\n\t\t<\/div>\n\n\t\t\n\t\t<\/li>\n\t\n\n\n\t\t<li class=\"fdm-item fdm-item-ajax-open fdm-item-has-price\" data-postid=\"26\" data-section=\"3\" data-timeadded=\"1775928128\">\n\t\n\t\t\n\t\t<div class=\"fdm-item-panel\" data-price=\"18\">\n\n\t\t\t<div class=\"fdm-item-non-image-container\">\n<p class=\"fdm-item-title\">Travers de porc laqu\u00e9 miel et citron<\/p><div class=\"fdm-item-price-wrapper\" data-min_price='1000000' data-max_price='0'>\n\t\t\t<div class=\"fdm-item-price\">18.00<\/div>\n\t<\/div>\n\n\t\t\t<div class=\"clearfix\"><\/div>\n\t\t<\/div>\n\n\t\t\n\t\t<\/li>\n\t\n\n\n\t\t<li class=\"fdm-item fdm-item-ajax-open fdm-item-has-price\" data-postid=\"28\" data-section=\"3\" data-timeadded=\"1775928207\">\n\t\n\t\t\n\t\t<div class=\"fdm-item-panel\" data-price=\"18\">\n\n\t\t\t<div class=\"fdm-item-non-image-container\">\n<p class=\"fdm-item-title\">Travers de porc laqu\u00e9 miel et citron<\/p><div class=\"fdm-item-price-wrapper\" data-min_price='1000000' data-max_price='0'>\n\t\t\t<div class=\"fdm-item-price\">18.00<\/div>\n\t<\/div>\n\n\t\t\t<div class=\"clearfix\"><\/div>\n\t\t<\/div>\n\n\t\t\n\t\t<\/li>\n\t\n\n<\/ul>\n\t<\/li>\n\n\n<\/ul>\n\n\n<\/div> <!-- fdm-the-menu -->\n\n<div class=\"clearfix\"><\/div>\n\n<div class='fdm-details-div fdm-hidden'>\n\t<div class='fdm-details-div-inside'>\n\t\t<div class='fdm-details-div-exit'>\n\t\t\t<div class='fdm-details-div-exit-inside'><span class=\"dashicons dashicons-no-alt\"><\/span><\/div>\n\t\t<\/div>\n\t\t<div class='fdm-details-div-content'><\/div>\n\t<\/div>\n<\/div>\n<div class='fdm-details-background-div fdm-hidden'><\/div>","protected":false},"excerpt":{"rendered":"","protected":false},"author":1,"featured_media":0,"parent":0,"menu_order":0,"comment_status":"closed","ping_status":"closed","template":"","meta":{"footnotes":""},"class_list":["post-11","page","type-page","status-publish","hentry"],"blocksy_meta":[],"_links":{"self":[{"href":"https:\/\/lerendezvousenchante.com\/index.php\/wp-json\/wp\/v2\/pages\/11","targetHints":{"allow":["GET"]}}],"collection":[{"href":"https:\/\/lerendezvousenchante.com\/index.php\/wp-json\/wp\/v2\/pages"}],"about":[{"href":"https:\/\/lerendezvousenchante.com\/index.php\/wp-json\/wp\/v2\/types\/page"}],"author":[{"embeddable":true,"href":"https:\/\/lerendezvousenchante.com\/index.php\/wp-json\/wp\/v2\/users\/1"}],"replies":[{"embeddable":true,"href":"https:\/\/lerendezvousenchante.com\/index.php\/wp-json\/wp\/v2\/comments?post=11"}],"version-history":[{"count":0,"href":"https:\/\/lerendezvousenchante.com\/index.php\/wp-json\/wp\/v2\/pages\/11\/revisions"}],"wp:attachment":[{"href":"https:\/\/lerendezvousenchante.com\/index.php\/wp-json\/wp\/v2\/media?parent=11"}],"curies":[{"name":"wp","href":"https:\/\/api.w.org\/{rel}","templated":true}]}}